{"id":110,"date":"2019-12-15T17:56:44","date_gmt":"2019-12-15T17:56:44","guid":{"rendered":"https:\/\/imhoteptours.com\/?page_id=110"},"modified":"2019-12-22T11:56:06","modified_gmt":"2019-12-22T11:56:06","slug":"extensions","status":"publish","type":"page","link":"https:\/\/imhoteptours.com\/en_us\/extensions\/","title":{"rendered":"extensions"},"content":{"rendered":"<h1><strong><u>Extensions possible from Cairo or from the cruise ship<\/u><\/strong><\/h1>\n<h2><strong><u>Extension 03 Nights Cairo<\/u><\/strong><\/h2>\n<strong>Day 01: (Cairo)\u00a0\u00a0 <\/strong><br \/>\nArrival at Cairo International Airport. Visa, immigration and customs procedures and with the assistance of our representative. Hotel moving and lodging.\n<strong>Day 02: (Cairo) AD <\/strong><br \/>\nBreakfast. Excursion Included To The Pyramids Of Gizeh (Cheops, Khafren And Menkaure) The Sphinx Of Guizeh, The Temple Of The Valley Of Khafre And A Papyrus Center. Lunch - Optional -In A Restaurant And In The Afternoon, Optional Excursion To Memphis, Capital Of The Old Kingdom, Overnight At The Hotel.\n<strong>Day 03: (Cairo) AD<\/strong><br \/>\nDesayuno, Excursi\u00f3n Opcional\u00a0\u00a0 A Una D\u00eda Completo En La Ciudad Del Cairo\u00a0 Visitando El Museo De Arte Fara\u00f3nico,\u00a0 Almuerzo- Opcional &#8211; En Un Restaurante<br \/>\nThe Alabaster Mosque Located In The Saladin Citadel, The Coptic Quarter And Finally A Walk Through The Medieval Quarter Of Khan El - Khalili. Night at the Hotel\n<strong>Day 04: (Cairo - Final Departure)<\/strong><br \/>\nBreakfast buffet. At the scheduled time, transfer to the airport for the flight to destination. End of the trip.\n        <br>\n        <ul>\n             Includes\n            <li>Traslados In &#038; Out Apt\/Htl\/Apt<\/li>\n            <li>Half Day Visits In The Pyramids Of Giza And Valley Temple<\/li>\n            <li>Spanish Speaking Guide All Circuit<\/li>\n         <\/ul>\n        <br>\n        <ul>\n             Not included\n            <li>Visitor's VISA *obtain upon arrival at airport<\/li>\n            <li>Propinas De Los Gu\u00edas Conductores&#8230;.etc<\/li>\n            <li>Spanish Speaking Guide All Circuit<\/li>\n         <\/ul>\n\t<h1><strong><u>(Treasures Of The Nubian Culture) - In Full Board<\/u><\/strong><\/h1>\n<h2><strong><u>Ext 01 \u2013 Nasser Lake \u2013 04 Nights \u2013 Asw \/ Abs.<\/u><\/strong><\/h2>\n<strong>Day 01: Aswan<\/strong>.<br \/>\nArrival in Aswan. Boarding The Cruise Ship. Dinner Accommodation.\n<strong>Day 02: Aswan \/ Wadi El Seboua.\u00a0\u00a0\u00a0\u00a0\u00a0\u00a0 <\/strong><br \/>\nFull board. View Of Kalabsha Temple And Beit El Wali. Navigation to Wadi El Seboua. Night on board.\n<strong>Day 03: Wadi El Seboua \/ Amada \/ Kasr Ibrim.\u00a0\u00a0\u00a0\u00a0\u00a0\u00a0 <\/strong><br \/>\nFull board. View Of The Wadi El Seboua Temple And Continuation To The Dakka Temple. Sailing Amada And Visit Her Temple. Continuation Towards Kasr Ibrim. Night on board.\n<strong>Day 04: Kasr Ibrim \/ Abu Simbel.\u00a0\u00a0\u00a0 <\/strong><br \/>\nFull board. Panoramic Tour Of Kasr Ibrim. Sailing To Abu Simbel And Visit The Temple Of Abu Simbel. Attendance at the light and sound show. Overnight aboard Abu Simbel.\n<strong>Day 05: Abu Simbel \/ Aswan.\u00a0\u00a0 <\/strong><br \/>\nBreakfast. Disembarkation. Road Transfer To Aswan.\n<h2><strong><u>Ext 02 - Lake Nasser Cruise - 03 Nights - Abs \/ Asw.<\/u><\/strong><\/h2>\n<strong>Day \u00a001: Aswan \/ Abu Simbel.\u00a0\u00a0\u00a0\u00a0\u00a0\u00a0 <\/strong><br \/>\nArrival in Aswan. Visit Of The Temples Of Kalabsha And Beit El Wali. Departure By Road To Abu Simbel To Embark On The Lake Nasser Cruise. Boarding And Lunch. Visit The Temple Of Abu Simbel. Sound And Light Show At Abu Simbel Temple. Dinner And Overnight On Board In Abu Simbel.\n<strong>Day 02: Abu Simbel \/ Kasr Ibrim \/ Wadi El Seboua.\u00a0\u00a0\u00a0\u00a0\u00a0 <\/strong><br \/>\nFull board. Navigation To Kasr Ibrim And Panoramic Visit Of Its Temple. Sailing Amada And Visit The Temple. Navigation to Wadi El Sebou. Overnight aboard in Wadi El Seboua.\n<strong>Day 03: Wadi El Seboua \/ Aswan. <\/strong><br \/>\nFull board. Visit of the temple of Wadi El Seboua. Continuation To The Temple Of Dakka. Sailing To Aswan. Night on board.\n<strong>Day 04: Aswan\u00a0\u00a0 <\/strong><br \/>\nBreakfast. Disembarkation.\n<h2><strong><u>Ext 03- Extension To Minia (From Cairo) \/ Treasures Of Akhenaten,<\/u><\/strong><\/h2>\n<strong>Day 01: Cairo \/ Minia<\/strong><br \/>\nBreakfast. Early Morning Departure to Minia (260 km from Cairo). Visit To The Tombs Of The Middle Kingdom In Beni Hassan, Especially The Tombs Of Ameni, Jeti III, Jenum Hoteb II. Accommodation At The Hotel. And Free Afternoon. Dinner at the hotel. accommodation\n<strong>Day\u00a0 02 \u00a0Minia<\/strong><strong><br \/>\n<\/strong>Breakfast. Visit Tel El Amarna, Where The Ruins Of The City Of Ajetaton Are Located, Tona El Gabal Where The Catacombs Of Ibis And Ashmounien Are Located Where The Ruins Of The City Of Hermopolis Are Located. And Dinner At The Hotel. Accommodation.\n<strong>Day 03\u00a0 Minia \u2013 Cairo<\/strong><strong><br \/>\n<\/strong>Breakfast and departure by car to return to Cairo.\n\t<h1><strong><u>Adventure Extensions in the desert Desert Safari, In Full Board <\/u><\/strong><\/h1>\n<h2><strong><u>Ext. 01 &#8211; 04 Noches \/05 Dias De Oasis <\/u><\/strong><\/h2>\n<strong>Day \u00a001: Cairo \/ Bahariya Oasis.<\/strong><br \/>\nBreakfast. Exit By Road To Bahariya. Lunch, in the afternoon departure to see the sunset from the Casa Inglesa, (the highest point in the oasis), dinner, accommodation at the hotel.\n<strong>Day 02: Bahariya Oasis \/ White Desert.\u00a0\u00a0\u00a0\u00a0\u00a0\u00a0 <\/strong><br \/>\nPensi\u00f3n Completa Con (Almuerzo Picnic). Salida En 4&#215;4 Hacia El Desierto Blanco, Vista El Museo De La Momias, Las Tumbas De Kaser Slim, Pasando Por El Desierto Negro. Continuaci\u00f3n Hacia El Desierto Blanco, Recorrido Entre Las Formaciones Rocosas De Formas Curiosas Y Diversas. Cena Y Alojamiento En El Campamento.\n<strong>Day 03: White Desert \/ Farfara Oasis \/ Dakhla Oasis.\u00a0\u00a0\u00a0\u00a0\u00a0\u00a0\u00a0\u00a0\u00a0\u00a0 <\/strong><br \/>\nFull board. Departure To The Dakhla Oasis Passing Through The F\u00e1rfara Oasis, Stop And View Of El Qasr, An Ancient Islamic Village. Dinner and accommodation.\n<strong>Day 04: Dakhla Oasis \/ Kharga Oasis.<\/strong><br \/>\nFull board. Departure to the Kharga Oasis, arrival and visit the Hibis Temple, the Bagawat Necropolis. Accommodation.\n<strong>Day 05: Kharga Oasis \/ Luxor.\u00a0\u00a0\u00a0\u00a0\u00a0\u00a0\u00a0 <\/strong><br \/>\nBreakfast. Departure to Luxor. Arrival at Luxor, Accommodation.\n<h2><strong><u>Ext. 02 &#8211; 02 Noches \/03 Dias De Oasis <\/u><\/strong><\/h2>\n<strong>Day\u00a0 01: Cairo\/ Bahariya Oasis<\/strong><br \/>\nBreakfast. Exit By Road To Bahariya. Lunch, in the afternoon departure to see the sunset from the Casa Inglesa, (the highest point in the oasis), dinner, accommodation at the hotel.\n<strong>Day 02: Bahariya Oasis \/ White Desert<\/strong><br \/>\nPensi\u00f3n Completa Con (Almuerzo Picnic). Salida En 4&#215;4 Hacia El Desierto Blanco, Vista El Museo De La Momias, Las Tumbas De Kaser Slim, Pasando Por El Desierto Negro. Continuaci\u00f3n Hacia El Desierto Blanco, Recorrido Entre Las Formaciones Rocosas De Formas Curiosas Y Diversas. Cena Y Alojamiento En El Campamento.\n<strong>Day 03: White Desert \/ Cairo<\/strong><br \/>\nBreakfast. Departure for Cairo. Arrival in Cairo, Accommodation.\n<h2><strong><u>Ext 03 &#8211; 04 Noches \/05 Dias De Oasis y Alejandr\u00eda<\/u><\/strong><\/h2>\n<strong>Day 01: Cairo \u2013 Alexandria<\/strong><br \/>\nBreakfast. At The Agreed Time, Transfer By Road To Alexandria. During your stay you will visit: The Library of Alexandria and a panoramic view of the Keitbey Fortress. Transfer to hotel and free time. Accommodation.\n<strong>Day 02: Alexandria \u2013 Siwa<\/strong><br \/>\nBreakfast. Departure by road to Siwa visiting the villages of El Alamein, where you can see the Military Museum and the Tombs of the Unknown Soldiers from the Battle of General Roomel and the Berber village of Marsa Matrouh. Arrival At Siwa Oasis Surrounded By Over 300 Freshwater Lakes That Water The Entire Oasis. Dinner and accommodation.\n<strong>Day 03: Siwa<\/strong><br \/>\nBreakfast. Visit Siwa Oasis Where We Will See The Ruins Of The Temple Of Amon, Cleopatra's Bath, Shali Fortress And The Mountain Of The Dead. Dinner and accommodation.\n<strong>Day 04: Siwa<\/strong><br \/>\nBreakfast and free day to enjoy the beauties of the Oasis, dinner and night at the hotel.\n<strong>Day 05: Siwa \/ Alexandria\u00a0 \u2013 Cairo<\/strong><br \/>\nBreakfast And Transfer By Road To Cairo. Arrival and lodging in the hotel. Free time.","protected":false},"excerpt":{"rendered":"<p>Extensiones posibles desde el Cairo o desde el crucero Extensi\u00f3n 03 Noches Cairo D\u00eda 01: (El Cairo)\u00a0\u00a0 Llegada Al Aeropuerto Internacional De Cairo. Tramites De Visado, Inmigraci\u00f3n Y Aduana Y Con Asistencia De Nuestro Representante. Traslado Al Hotel Y Alojamiento. D\u00eda 02: (El Cairo) AD Desayuno. Excursi\u00f3n Incluida A Las Pir\u00e1mides De Gizeh (Keops, Kefren&hellip;<\/p>","protected":false},"author":1,"featured_media":0,"parent":0,"menu_order":0,"comment_status":"closed","ping_status":"closed","template":"","meta":{"footnotes":""},"class_list":["post-110","page","type-page","status-publish","hentry","entry","no-media"],"_links":{"self":[{"href":"https:\/\/imhoteptours.com\/en_us\/wp-json\/wp\/v2\/pages\/110","targetHints":{"allow":["GET"]}}],"collection":[{"href":"https:\/\/imhoteptours.com\/en_us\/wp-json\/wp\/v2\/pages"}],"about":[{"href":"https:\/\/imhoteptours.com\/en_us\/wp-json\/wp\/v2\/types\/page"}],"author":[{"embeddable":true,"href":"https:\/\/imhoteptours.com\/en_us\/wp-json\/wp\/v2\/users\/1"}],"replies":[{"embeddable":true,"href":"https:\/\/imhoteptours.com\/en_us\/wp-json\/wp\/v2\/comments?post=110"}],"version-history":[{"count":5,"href":"https:\/\/imhoteptours.com\/en_us\/wp-json\/wp\/v2\/pages\/110\/revisions"}],"predecessor-version":[{"id":670,"href":"https:\/\/imhoteptours.com\/en_us\/wp-json\/wp\/v2\/pages\/110\/revisions\/670"}],"wp:attachment":[{"href":"https:\/\/imhoteptours.com\/en_us\/wp-json\/wp\/v2\/media?parent=110"}],"curies":[{"name":"wp","href":"https:\/\/api.w.org\/{rel}","templated":true}]}}