{"id":265,"date":"2019-12-18T17:39:03","date_gmt":"2019-12-18T17:39:03","guid":{"rendered":"https:\/\/imhoteptours.com\/?page_id=265"},"modified":"2019-12-19T22:51:03","modified_gmt":"2019-12-19T22:51:03","slug":"elminia-2","status":"publish","type":"page","link":"https:\/\/imhoteptours.com\/en_us\/elminia-2\/","title":{"rendered":"elminia"},"content":{"rendered":"<p>El-Minia<\/p>\n\t\t\t\t<img loading=\"lazy\" decoding=\"async\" src=\"https:\/\/imhoteptours.com\/wp-content\/uploads\/2019\/12\/elminia.jpg\" alt=\"elminia\" itemprop=\"image\" height=\"800\" width=\"1200\" title=\"elminia\" onerror=\"this.style.display='none'\"  \/>\n\tAlso known as Menia or Minia, it is the capital of the homonymous Governorate, on the western bank of the Nile River. This city, located 225 km south of Cairo, is called by the locals the Bride of Upper Egypt, because It Is Located Just On The Boundary Between The Kingdoms Of Upper And Lower Egypt<br \/>\nSome Of The Most Highlights Of Minia Are<br \/>\nTell El Amarna, The Ancient Egyptian City Of Aketaton, Also Called Amarna, Was The Capital Built By Pharaoh Akhenaten And Abandoned Shortly After His Death (Ca. 1336 BCE) It Was Here That He Pursued His Vision Of A Society Dedicated To The Worship Of His Only God: Aton.<br \/>\nBeni Hassan, located about 20 kilometers south of El-Minia and almost 300 kilometers south of the capital, Cairo, was during the Middle Kingdom the place dedicated to the worship of the minor goddess Pajet, which was closely linked to the coronation ceremony of the pharaohs. At present, in the area you can see a necropolis that has been dated to the period comprised by the 11th and 12th dynasties, whose tombs were used by the rulers of the nome:\n\t<strong>the most outstanding tombs<\/strong><br \/>\nTomb 2 - Amenemhet, known as Ameni, nomarch of Sesostris I.<br \/>\nTomb 3 - Jnumhotep II, monarch with Amenemhat II, Sesostris II and Sesostris III.<br \/>\nTomb 15 - Baqet III: with paintings on fighting techniques.<br \/>\nTomb 17 - Jety, monarch of the XI dynasty, son of Baqet.\n<strong>Tuna El Gabal<\/strong><br \/>\nThis funerary city comprised both stone temples and adobe tombs and dwellings, some of which were richly painted inside This funerary city comprised both stone temples and adobe tombs and dwellings, some of which were richly painted in its interior. The city was ordered according to an urban plan, with squares and streets, hydraulic system, workshops, warehouses, places of worship, etc. The most outstanding: Stela A of Ajenaton, Tomb of Petosiris Catacombs of ibis and baboons<br \/>\nHermopolis of El Ashmunein, City of Hermes was given to the cities that were consecrated to the god Thot, whom the Greeks identified with their Hermes. It was the most important city of his cult. The Egyptian term Jenum.<br \/>\nEn la ciudad exist\u00eda un gran templo dedicado a Thot, del que actualmente s\u00f3lo quedan algunas basas de columnas. Adem\u00e1s se inclu\u00eda un recinto rodeado por un muro de 15 metros de altura alrededor del templo.\nEl Cementerio Cristiano-Musulm\u00e1n De Zawiyyet Al-Mayyiteen<br \/>\nThe Virgin Mary Monastery","protected":false},"excerpt":{"rendered":"<p>El-Minia Tambi\u00e9n Conocida Como Menia O Minia, Es La Capital De La Gobernaci\u00f3n Hom\u00f3nima, Sobre La Orilla Occidental Del R\u00edo Nilo. Esta Ciudad, Ubicada 225 Km. Al Sur De El Cairo, Es Llamada Por Los Lugare\u00f1os La Novia Del Alto Egipto, Debido A Que Se Encuentra Justo Sobre El L\u00edmite Entre Los Reinos Del Alto&hellip;<\/p>","protected":false},"author":1,"featured_media":0,"parent":0,"menu_order":0,"comment_status":"closed","ping_status":"closed","template":"","meta":{"footnotes":""},"class_list":["post-265","page","type-page","status-publish","hentry","entry","no-media"],"_links":{"self":[{"href":"https:\/\/imhoteptours.com\/en_us\/wp-json\/wp\/v2\/pages\/265","targetHints":{"allow":["GET"]}}],"collection":[{"href":"https:\/\/imhoteptours.com\/en_us\/wp-json\/wp\/v2\/pages"}],"about":[{"href":"https:\/\/imhoteptours.com\/en_us\/wp-json\/wp\/v2\/types\/page"}],"author":[{"embeddable":true,"href":"https:\/\/imhoteptours.com\/en_us\/wp-json\/wp\/v2\/users\/1"}],"replies":[{"embeddable":true,"href":"https:\/\/imhoteptours.com\/en_us\/wp-json\/wp\/v2\/comments?post=265"}],"version-history":[{"count":5,"href":"https:\/\/imhoteptours.com\/en_us\/wp-json\/wp\/v2\/pages\/265\/revisions"}],"predecessor-version":[{"id":460,"href":"https:\/\/imhoteptours.com\/en_us\/wp-json\/wp\/v2\/pages\/265\/revisions\/460"}],"wp:attachment":[{"href":"https:\/\/imhoteptours.com\/en_us\/wp-json\/wp\/v2\/media?parent=265"}],"curies":[{"name":"wp","href":"https:\/\/api.w.org\/{rel}","templated":true}]}}