{"id":268,"date":"2019-12-18T17:46:02","date_gmt":"2019-12-18T17:46:02","guid":{"rendered":"https:\/\/imhoteptours.com\/?page_id=268"},"modified":"2019-12-19T23:05:08","modified_gmt":"2019-12-19T23:05:08","slug":"sharm-2","status":"publish","type":"page","link":"https:\/\/imhoteptours.com\/en_us\/sharm-2\/","title":{"rendered":"sharm"},"content":{"rendered":"<p>Sharm El-Sheikh<\/p>\n\t\t\t\t<img loading=\"lazy\" decoding=\"async\" src=\"https:\/\/imhoteptours.com\/wp-content\/uploads\/2019\/12\/sharm.jpg\" alt=\"sharm\" itemprop=\"image\" height=\"800\" width=\"1200\" title=\"sharm\" onerror=\"this.style.display='none'\"  \/>\n\tThe simplicity of sun, sea and sand. The luxury of five-star hotels, water sports, shopping and entertainment. This is Sharm el-Sheikh, one of the most accessible and developed tourist resort communities on the Sinai peninsula. All around are Bedouins, colorful tents, mountains and sea. There are small, intimate hotels with modern designs, as well as larger hotel complexes belonging to International chains, plus about all the amenities one could expect of a tourist center, including casinos, discos and nightclubs, golf courses and health facilities. In fact, with diving and snorkeling, windsurfing and other water sports, horses and camel riding, Desert Safari  ,, and great nearby antiquities attractions, it is almost impossible for a visitor to ever suffer from boredom.\n Four miles south the southern section of the town stands on a cliff overlooking the port. and is a great view.\nNa'ama Beach is one of the center of the tourist activities.<br \/>\nActividades para hacer en Sharm El Sheikh:\n\t<strong>Tours de Safari<\/strong> \u201cQuad Bike Safari \u2013 Safari del desierto \u2013 El Ca\u00f1\u00f3n&#8221; Disfrute de un d\u00eda de senderismo a trav\u00e9s de estos ca\u00f1ones de colores de Sharm El Sheikh: tenga la oportunidad de ir a Safari en Sharm El Sheikh en el desierto en Quad Bike.<br \/>\n<strong>Aqua Park Tours<\/strong> &#8220;Seguro que te gustan los juegos de agua m\u00e1s que los ni\u00f1os, disfruta de un viaje inusual en el Aqua Park Hurghada&#8221;.<br \/>\n<strong>Semi submarino<\/strong> &#8220;Disfruta de una aventura submarina \u00fanica en Semi submarino, toma fotos y disfruta de la vida submarina&#8221;.<br \/>\nBarco de vidrio &#8220;Admire los arrecifes m\u00e1s hermosos del Mar Rojo en un barco de vidrio, observando los peces de colores y tomando selfies&#8221;.<br \/>\n<strong>esnorq\u00e9l en \u201cIsla Tiran &#8211; Ras Mohamed\u201d<\/strong> Disfrute de una experiencia fant\u00e1stica de esnorqu\u00e9l en las aguas cristalinas del Mar Rojo en uno de los lugares m\u00e1s incre\u00edbles de esnorqu\u00e9l en Egipto.<br \/>\n<strong>Tours del Monasterio de St. Catherine<\/strong> &#8220;Si te gusta la aventura, debes subir a la monta\u00f1a del Sina\u00ed y visitar el Monasterio de St. Catherine en Sina\u00ed&#8221;.","protected":false},"excerpt":{"rendered":"<p>Sharm El-Sheikh Sharm El Sheikh, Con Sus Aguas C\u00e1lidas Y Ba\u00f1adas Por El Sol Durante Todo El A\u00f1o, Es El Destino M\u00e1s Cercano A Europa Donde Podr\u00e1 Disfrutar Del Sol, De Arrecifes Coralinos Espectaculares Y Del Mar Siempre Que Necesite Romper Con La Rutina. El Clima Es Muy Agradable Y Seco Durante Todo El A\u00f1o,&hellip;<\/p>","protected":false},"author":1,"featured_media":0,"parent":0,"menu_order":0,"comment_status":"closed","ping_status":"closed","template":"","meta":{"footnotes":""},"class_list":["post-268","page","type-page","status-publish","hentry","entry","no-media"],"_links":{"self":[{"href":"https:\/\/imhoteptours.com\/en_us\/wp-json\/wp\/v2\/pages\/268","targetHints":{"allow":["GET"]}}],"collection":[{"href":"https:\/\/imhoteptours.com\/en_us\/wp-json\/wp\/v2\/pages"}],"about":[{"href":"https:\/\/imhoteptours.com\/en_us\/wp-json\/wp\/v2\/types\/page"}],"author":[{"embeddable":true,"href":"https:\/\/imhoteptours.com\/en_us\/wp-json\/wp\/v2\/users\/1"}],"replies":[{"embeddable":true,"href":"https:\/\/imhoteptours.com\/en_us\/wp-json\/wp\/v2\/comments?post=268"}],"version-history":[{"count":6,"href":"https:\/\/imhoteptours.com\/en_us\/wp-json\/wp\/v2\/pages\/268\/revisions"}],"predecessor-version":[{"id":465,"href":"https:\/\/imhoteptours.com\/en_us\/wp-json\/wp\/v2\/pages\/268\/revisions\/465"}],"wp:attachment":[{"href":"https:\/\/imhoteptours.com\/en_us\/wp-json\/wp\/v2\/media?parent=268"}],"curies":[{"name":"wp","href":"https:\/\/api.w.org\/{rel}","templated":true}]}}