{"id":271,"date":"2019-12-18T17:52:50","date_gmt":"2019-12-18T17:52:50","guid":{"rendered":"https:\/\/imhoteptours.com\/?page_id=271"},"modified":"2019-12-22T10:49:17","modified_gmt":"2019-12-22T10:49:17","slug":"dahab-2","status":"publish","type":"page","link":"https:\/\/imhoteptours.com\/en_us\/dahab-2\/","title":{"rendered":"dahab"},"content":{"rendered":"<p>Dahab<\/p>\n\t\t\t\t<img loading=\"lazy\" decoding=\"async\" src=\"https:\/\/imhoteptours.com\/wp-content\/uploads\/2019\/12\/dahabeg.jpg\" alt=\"dahabeg\" itemprop=\"image\" height=\"800\" width=\"1200\" title=\"dahabeg\" onerror=\"this.style.display='none'\"  \/>\n\tes una <strong>peque\u00f1a ciudad beduina<\/strong>, de ambiente tranquilo y relajado, situada unos 100 km al norte de los lujosos complejos tur\u00edsticos de Sharm el-Sheikh.<br \/>\nDahab cuenta con c\u00e9lebres lugares de submarinismo y buceo. <strong>El famoso Blue Hole<\/strong> (\u2018hoyo azul\u2019).<br \/>\nYa en tierra, Dahab ofrece una <strong>ampl\u00edsima variedad de actividades relajantes<\/strong>. En la propia playa hay muchos restaurantes que sirven deliciosos platos, que pueden ir seguidos de un paseo tranquilo por la arena o de alguna actividad m\u00e1s exigente, como montar a caballo o en camello, o surcar las olas sobre una tabla de windsurf o kitesurf.<br \/>\nLa brisa que sopla desde el Mar Rojo hacia la costa convierte a Dahab en un <strong>lugar id\u00f3neo para los aficionados al windsurf<\/strong>, y la laguna parece hecha a la medida de quienes practican el windsurf y el kitesurf.","protected":false},"excerpt":{"rendered":"<p>Dahab es una peque\u00f1a ciudad beduina, de ambiente tranquilo y relajado, situada unos 100 km al norte de los lujosos complejos tur\u00edsticos de Sharm el-Sheikh. Dahab cuenta con c\u00e9lebres lugares de submarinismo y buceo. El famoso Blue Hole (\u2018hoyo azul\u2019). Ya en tierra, Dahab ofrece una ampl\u00edsima variedad de actividades relajantes. En la propia playa&hellip;<\/p>","protected":false},"author":1,"featured_media":0,"parent":0,"menu_order":0,"comment_status":"closed","ping_status":"closed","template":"","meta":{"footnotes":""},"class_list":["post-271","page","type-page","status-publish","hentry","entry","no-media"],"_links":{"self":[{"href":"https:\/\/imhoteptours.com\/en_us\/wp-json\/wp\/v2\/pages\/271","targetHints":{"allow":["GET"]}}],"collection":[{"href":"https:\/\/imhoteptours.com\/en_us\/wp-json\/wp\/v2\/pages"}],"about":[{"href":"https:\/\/imhoteptours.com\/en_us\/wp-json\/wp\/v2\/types\/page"}],"author":[{"embeddable":true,"href":"https:\/\/imhoteptours.com\/en_us\/wp-json\/wp\/v2\/users\/1"}],"replies":[{"embeddable":true,"href":"https:\/\/imhoteptours.com\/en_us\/wp-json\/wp\/v2\/comments?post=271"}],"version-history":[{"count":9,"href":"https:\/\/imhoteptours.com\/en_us\/wp-json\/wp\/v2\/pages\/271\/revisions"}],"predecessor-version":[{"id":649,"href":"https:\/\/imhoteptours.com\/en_us\/wp-json\/wp\/v2\/pages\/271\/revisions\/649"}],"wp:attachment":[{"href":"https:\/\/imhoteptours.com\/en_us\/wp-json\/wp\/v2\/media?parent=271"}],"curies":[{"name":"wp","href":"https:\/\/api.w.org\/{rel}","templated":true}]}}