{"id":277,"date":"2019-12-18T18:12:54","date_gmt":"2019-12-18T18:12:54","guid":{"rendered":"https:\/\/imhoteptours.com\/?page_id=277"},"modified":"2019-12-19T23:03:33","modified_gmt":"2019-12-19T23:03:33","slug":"saintchatrine","status":"publish","type":"page","link":"https:\/\/imhoteptours.com\/en_us\/saintchatrine\/","title":{"rendered":"saintchatrine"},"content":{"rendered":"<p>Saint Catherine<\/p>\n\t\t\t\t<img loading=\"lazy\" decoding=\"async\" src=\"https:\/\/imhoteptours.com\/wp-content\/uploads\/2019\/12\/saint.jpg\" alt=\"saint\" itemprop=\"image\" height=\"800\" width=\"1200\" title=\"saint\" onerror=\"this.style.display='none'\"  \/>\n\tEn una garganta situada en una extraordinaria cordillera monta\u00f1osa se encuentra una singular reliquia del siglo V. El monasterio de Santa Catalina, lugar de gran significado religioso, es uno de los monasterios cristianos en funcionamiento m\u00e1s antiguos del mundo. ha sido declarado Patrimonio de la Humanidad por la UNESCO, adem\u00e1s de emplazamiento de gran valor hist\u00f3rico y cultural.<br \/>\nAdem\u00e1s, si siente la llamada de la aventura, puede dedicar un d\u00eda a escalar el admirable Monte Sina\u00ed, que se eleva junto a la ciudad. Muchos creen que la cima de este gigante de piedra de m\u00e1s de 2.000 metros fue el lugar elegido por Dios para hablar a Mois\u00e9s.","protected":false},"excerpt":{"rendered":"<p>Santa Catalina En una garganta situada en una extraordinaria cordillera monta\u00f1osa se encuentra una singular reliquia del siglo V. El monasterio de Santa Catalina, lugar de gran significado religioso, es uno de los monasterios cristianos en funcionamiento m\u00e1s antiguos del mundo. ha sido declarado Patrimonio de la Humanidad por la UNESCO, adem\u00e1s de emplazamiento de&hellip;<\/p>","protected":false},"author":1,"featured_media":0,"parent":0,"menu_order":0,"comment_status":"closed","ping_status":"closed","template":"","meta":{"footnotes":""},"class_list":["post-277","page","type-page","status-publish","hentry","entry","no-media"],"_links":{"self":[{"href":"https:\/\/imhoteptours.com\/en_us\/wp-json\/wp\/v2\/pages\/277","targetHints":{"allow":["GET"]}}],"collection":[{"href":"https:\/\/imhoteptours.com\/en_us\/wp-json\/wp\/v2\/pages"}],"about":[{"href":"https:\/\/imhoteptours.com\/en_us\/wp-json\/wp\/v2\/types\/page"}],"author":[{"embeddable":true,"href":"https:\/\/imhoteptours.com\/en_us\/wp-json\/wp\/v2\/users\/1"}],"replies":[{"embeddable":true,"href":"https:\/\/imhoteptours.com\/en_us\/wp-json\/wp\/v2\/comments?post=277"}],"version-history":[{"count":4,"href":"https:\/\/imhoteptours.com\/en_us\/wp-json\/wp\/v2\/pages\/277\/revisions"}],"predecessor-version":[{"id":464,"href":"https:\/\/imhoteptours.com\/en_us\/wp-json\/wp\/v2\/pages\/277\/revisions\/464"}],"wp:attachment":[{"href":"https:\/\/imhoteptours.com\/en_us\/wp-json\/wp\/v2\/media?parent=277"}],"curies":[{"name":"wp","href":"https:\/\/api.w.org\/{rel}","templated":true}]}}