{"id":280,"date":"2019-12-18T18:15:25","date_gmt":"2019-12-18T18:15:25","guid":{"rendered":"https:\/\/imhoteptours.com\/?page_id=280"},"modified":"2019-12-19T22:52:03","modified_gmt":"2019-12-19T22:52:03","slug":"hurghada-2","status":"publish","type":"page","link":"https:\/\/imhoteptours.com\/en_us\/hurghada-2\/","title":{"rendered":"hurghada"},"content":{"rendered":"<p>Hurghada<\/p>\n\t\t\t\t<img loading=\"lazy\" decoding=\"async\" src=\"https:\/\/imhoteptours.com\/wp-content\/uploads\/2019\/12\/hurghada.jpg\" alt=\"hurghada\" itemprop=\"image\" height=\"800\" width=\"1200\" title=\"hurghada\" onerror=\"this.style.display='none'\"  \/>\n\tSpanning over 40 km of pristine coastline, Hurghada City has year-round sunshine, incredibly beautiful coral reefs and dozens of exciting attractions in a laid back, relaxed atmosphere. Even though it's known as a top-three diving destination on the planet, it still has something for everyone, even the non-divers: beach fun, extreme water sports, clubbing and golfing are only some of the options you have to choose from. You can also enjoy an amazingly relaxing holiday by booking a treatment or two at one of Hurghada's best Spas. Hurghada is a luxury resort town divided by Sigala, El-Dahar and El-Memsha. Sigala is where you find many seaside resorts, mid-range hotels and plenty of restaurants. South of Sigala, you find luxury resorts. El-Dahar is the older charming part of town with its bountiful bazaar. El Memsha, which means the village road, is the modern part of the city. There are numerous luxury locations nearby, visit Soma Bay, Makadi Bay, and Sahl el Hashish. Considered the capital of the Red Sea Riviera, Hurghada is south of Suez and 550 km from Cairo. You can reach Hurghada by ferry from Sharm-el-Sheikh, the road from Luxor and by the Hurghada International Airport. The temperature is lovely all year round, with Hurghada dry desert climate you should expect large differences in the temperature between night and day, days are hot, while nights can get pretty cold especially during winter months. Temperature can reach highs of 18 C and lows of 42 C.<br \/>\nTambi\u00e9n Podr\u00e1 Disfrutar De Unas Vacaciones Relajantes Reservando Un Tratamiento O Dos En Alguno De Los Mejores Spas De Hurghada. La Temperatura Es Muy Agradable Durante Todo El A\u00f1o, Aunque Con El Clima Seco Des\u00e9rtico De Hurghada La Amplitud T\u00e9rmica Es Considerable: Los D\u00edas Son Calurosos Mientras Que Las Noches Pueden Ser Bastante Fr\u00edas, Sobre Todo Durante Los Meses De Invierno. La Temperatura Puede Alcanzar M\u00e1ximas De 35 \u00bac Y M\u00ednimas De 18 \u00bac.","protected":false},"excerpt":{"rendered":"<p>Hurghada Hurghada, Con M\u00e1s De 40 Km De Costa Impoluta, Tiene Sol Todo El A\u00f1o, Arrecifes Coralinos Incre\u00edbles Y Docenas De Atracciones En Una Atmosfera Relajada Y Tranquila. Aunque Este Destino Es Conocido Como Uno De Los Tres Destinos M\u00e1s Importantes Para Hacer Submarinismo En Todo El Mundo, Tiene De Todo Para Todos, Incluso Para&hellip;<\/p>","protected":false},"author":1,"featured_media":0,"parent":0,"menu_order":0,"comment_status":"closed","ping_status":"closed","template":"","meta":{"footnotes":""},"class_list":["post-280","page","type-page","status-publish","hentry","entry","no-media"],"_links":{"self":[{"href":"https:\/\/imhoteptours.com\/en_us\/wp-json\/wp\/v2\/pages\/280","targetHints":{"allow":["GET"]}}],"collection":[{"href":"https:\/\/imhoteptours.com\/en_us\/wp-json\/wp\/v2\/pages"}],"about":[{"href":"https:\/\/imhoteptours.com\/en_us\/wp-json\/wp\/v2\/types\/page"}],"author":[{"embeddable":true,"href":"https:\/\/imhoteptours.com\/en_us\/wp-json\/wp\/v2\/users\/1"}],"replies":[{"embeddable":true,"href":"https:\/\/imhoteptours.com\/en_us\/wp-json\/wp\/v2\/comments?post=280"}],"version-history":[{"count":4,"href":"https:\/\/imhoteptours.com\/en_us\/wp-json\/wp\/v2\/pages\/280\/revisions"}],"predecessor-version":[{"id":461,"href":"https:\/\/imhoteptours.com\/en_us\/wp-json\/wp\/v2\/pages\/280\/revisions\/461"}],"wp:attachment":[{"href":"https:\/\/imhoteptours.com\/en_us\/wp-json\/wp\/v2\/media?parent=280"}],"curies":[{"name":"wp","href":"https:\/\/api.w.org\/{rel}","templated":true}]}}