{"id":566,"date":"2019-12-21T15:50:18","date_gmt":"2019-12-21T15:50:18","guid":{"rendered":"https:\/\/imhoteptours.com\/?page_id=566"},"modified":"2019-12-22T13:44:44","modified_gmt":"2019-12-22T13:44:44","slug":"nile-and-red-sea","status":"publish","type":"page","link":"https:\/\/imhoteptours.com\/en_us\/nile-and-red-sea\/","title":{"rendered":"nile and red sea"},"content":{"rendered":"<p><strong>Nile and Red Sea<\/strong><\/p>\n<hr \/>\n<img decoding=\"async\" src=\"https:\/\/imhoteptours.com\/wp-content\/uploads\/2019\/12\/time.png\" width=\"60\" \/><strong>Duration<\/strong>\u00a0<br \/>\n11 days \/ 4 nights Cairo + 3 nights Nile cruise + 3 nights Hurghada\n\t<button>D\u00eda 1 &#8211; El Cairo<\/button>\n  <p>Meet &amp; Assist At Cairo Airport By Our Representative From The First Minute, Visa Procedures, Luggage &amp; Custom Control-Transfer By Our Air Conditioned Vehicles To The Hotel Overnight.<\/p>\n<button>D\u00eda 2 &#8211; El Cairo &#8211; Aswan (P.C)<\/button>\n  \n   Breakfast, Today there is a half day included tour visiting the Giza Pyramids to see the Great Pyramid, Sphinx and Valley Temple.  There will be an opportunity, at your own expense, for you to enter one or other of the pyramids depending on which of them are available for visiting. Optional lunch,  in the afternoon optional excursion to The Oldest City In The World The City Of Memphis  And Sakkara  ,,  start with transfer to Sakkara ,   the huge necropolises of the ancient city we call today Memphis  to visit the Step Pyramid of Zoser, the world's oldest major stone structure. It was built in the 3rd Dynasty for King Djoser, Sakkara has a host of private tombs, many of them belonging to important ancient Egyptian officials and dating to the vary earliest of times.  Then Proceed to Memphis which was founded by King Menes, and was the capital of Egypt during the Old Kingdom, it was considered to be a centre of rule and culture for over 3000 years the first capital of Egypt, and see the Statue of Ramses II and the alabaster Sphinx of Memphis. Back to the Hotel free evening with the possibility of having our optional tour to The Sound and Light Show at the Great Pyramids takes place on the Giza plateau, around 45 minutes from Cairo. The one-hour show begins with the illumination of the Sphinx, who narrates the history of the pyramids and their builders. Using laser beams and light projections on the walls of the Mummification Temple, desert sands, pyramid walls and the Sphinx itself, a condensed story of Egypt unfolds. The accompanying soundtrack complements the surroundings and the voice of the Sphinx is suitably dramatic and mysterious! after the show we will have our optional dinner and the back to the hotel and overnight &amp; Overnight. \n  \n<button>D\u00eda 3 &#8211; Aswan &#8211; Abu Simbel &#8211; Aswan, Kom Ombo \u2013 Edfu (P.C)<\/button>\n  \n     Pensi\u00f3n Completa A Bordo, Desayuno. Por La Ma\u00f1ana  Salid Para La Excursi\u00f3n incluida A Los El Templos  De Abu Simbel Por Carretera, Viajes De Madrugada En Una Furgoneta De Aswan Para Visitar Los Templos De Abu Simbel, Los Dos Enormes Templos Tallados La  Monta\u00f1a &#038; En Las Orillas Del Lago Nasser, Dedicado A Rams\u00e9s Ii &#038; Su Esposa, La Reina Nefertari. Tarde Libre  Cena Y Noche A Bordo . Hacia Kom Ombo,  Para Realizar La Visita Del Templo Del Mismo Nombre. El Templo Est\u00e1 Dedicado A Dos Dioses Sobek Y Horus.. Navegaci\u00f3n Hacia Edfu. Noche A Bordo\n\n<button>D\u00eda 4 &#8211; Edfu &#8211; Luxor<\/button>\n    \n     Based On Full Board. . Possibility to Do the Optional Excursion to the great Temples of Abu Simbel (By Bus or By Plane), Visit the Temple of Abu Simbel built by the Great Ramses II. This temple is one of the most recognizable images in the country. Two temples, namely the Great Temple of Ra-Harakhte, fronted by the four colossal statues of Ramses II and the Temple of Hathor, dedicated to Ramses\u2019 favorite wife Queen Nefertari. Both were moved to their current location when the creation of Lake Nasser threatened their existence. Then we will start our included visits, Taking Felucca (Traditional Egyptian Sailing Boats) To Admire A Panoramic View Of The Mausoleum Of The Agha Khan, Continue To The Temple of Philae this  beautiful and magnificent Temple on this island for the Goddess Isis , it occupies about a quarter of the island. It is also the temple's main island with its huge, complete, pylons and beautiful scenes. The construction began during the reign of King Ptolemy II, and then other Ptolemaic Kings (Ptolemy's IV, V, VI, VII, and XI) contributed by adding more parts to the main Temple. The Temple is built in the same style as the Temples of the New Kingdom, as well as some other elements, which appeared in the Greco-Roman period, such as the Mamisi (the House of the divine birth of Horus), and a Nilometer, back to your Nile cruise Night On Board In Aswan.\n    \n<button>D\u00eda 5 &#8211; Luxor \u2013 Hurghada<\/button>\n    \n     Based On Full Board. Early morning Optional: Hot Air Balloon Flight over Luxor. Then we start our included \nVisit to the to visit the famous Valley of the Kings. The Valley of the Kings actually has two components - the East Valley and the West Valley. It is the East Valley which most tourists visit and where most of the tombs of the New Kingdom Pharaohs are located. continue to visit Colossi of Memnon, two massive stone statues, they represent Pharaoh Amenhotep III then, the tour ends with a visit to the Temple of Ramses III named Madient Habu, in ancient times Madinat Habu was known as Djanet and according to ancient belief was the place where Amun first appeared. Both Hatshepsut and Tuthmosis III built a temple dedicated to Amun here and Later Rameses III constructed his larger memorial temple on the site.\n    \n<button>D\u00eda 6\/7 &#8211; Hurghada<\/button>\n    \n\u00b7 Estancia En R\u00e9gimen .D\u00edas Libres Para Relax, Disfrutar De Los Establecimientos Tur\u00edsticos, \u00b7         \n\u00b7 Buceo desde de su Hotel Incluye 02 inmersiones diarias con gu\u00edas en espa\u00f1ol\n\u00b7 Quad moto 4 X 4 en el desierto\n\u00b7 Paseo en 4&#215;4 por el desierto  \n\u00b7 Cena beduina, &#8230;. etc\n    \n<button>D\u00eda 8 &#8211; Hurghada &#8211; El Cairo<\/button>\n    \n  Breakfast at your hotel, on the arranged time transfer to Hurghada airport, fly Back to Cairo, arrival and transfer to the hotel &amp; overnight. \n    \n<button>D\u00eda 9 &#8211; El Cairo<\/button>\n    \n  Based on Full Board. Early morning Optional: Hot Air Balloon Flight over Luxor. Then we start our included \nVisit to the famous Valley of the Kings. The Valley of the Kings actually has two components - the East Valley and the West Valley. It is the East Valley which most tourists visit and where most of the tombs of the New Kingdom Pharaohs are located. Continue to visit Colossi of Memnon, two massive stone statues, they represent Pharaoh Amenhotep III, then the tour ends with a visit to the Temple of Ramses III named Madient Habu, in ancient times Madinat Habu was known as Djanet and according to ancient belief was the place were Amun first appeared. Both Hatshepsut and Tuthmosis III built a temple dedicated to Amun here and Later Rameses III constructed his larger memorial temple on the site.\nOn the arranged time transfer to Luxor airport, fly Back to Cairo, arrival and transfer to  the hotel &amp; overnight\n    \n<button>D\u00eda 10 &#8211; El Cairo<\/button>\n    \n  Breakfast and Free Day with the with the Possibility of   enjoying Our Optional full day city tour to the Egyptian museum of antiquities, which was established in 1902 in Cairo city center. On display is a rare collection of 5000 years of art \u2014 the largest most precious collection of Egyptian art in the world. Over 250,000 genuine artifacts are presented, makes it one of the world's great museums.  Including an exhibit dedicated to the Tutankhamen collection of treasures, gold, and jewelry, as it was enclosed in his tomb for over 3,500 years before it was discovered in the 1920\u2019s when his tomb was excavated. Highlights include Tutankhamun's death mask and sarcophagi (Room 3), the pharaoh's lion throne (Room 35), and his fascinating wardrobe collection (Room 9). Afterwards, don't miss a wander through the Egyptian jewelry collection (Room 4), which contains more than you'll ever see again in one lifetime, and finish off by viewing the Royal Mummies Collection (Room 56 &amp; 46), where you can say hello to Hatshepsut, Tuthmosis II, Ramses II, and Seti I in person.\nOptional lunch , continue   our   excursion  heading  to the Old Cairo where you will visit the Citadel overlooking the city of Cairo, the Mohammed Aly Alabaster Mosque, the Coptic Hanging Church and the nearby St Sergio\u2019s Church, followed by a visit to the famous medieval El Khalili Bazaars that dates back to 1382. Shops in this district are legendary for fine brassware, copper, perfumes, leather, silver, gold, antiques and more! Everything for sale in these shops is negotiable, be prepared to bargain for goods sold in this exciting maze of shops. Back To The Hotel And Over Night. \n    \n<button>D\u00eda 11 &#8211; El Cairo &#8211; Transfer Out<\/button>\n    \n      Breakfast Transfer from the Hotel to Cairo Airport for Final Departure\n    \n        <br><strong><h1>Includes The Following Services<\/h1><\/strong>\n    <ul>\n        <li>Accommodation In Hotels In Bed And Breakfast<\/li>\n        <li>Accommodation On The Nile Cruise In Full Board<\/li>\n        <li>All inclusive hotel accommodation in Hurghada<\/li>\n        <li>A Half Full Day Visiting The Pyramids Of Giza Valley Temple<\/li>\n        <li>Cruise Visits According To Itinerary<\/li> \n        <li>Transfers In \/ Out Apt \/ Htl \/ Apt<\/li>\n        <li>Mandatory Cruise Tips<\/li>\n        <li>Spanish Speaking Guide Accompanying Throughout the Trip<\/li>\n    <\/ul>\n        <br><strong><h1>Not included<\/h1><\/strong>\n          <ul>\n        <li>Visitor's VISA *obtain upon arrival at airport<\/li>\n        <li>Extra personal expense<\/li>\n        <li>Any item or service not mentioned in the itinerary or mentioned as optional tour or meal<\/li>\n        <li>Tipping<\/li> \n        <li>Any Additional Services Not Mentioned In The Program<\/li>\n        <li>International or domestic flights<\/li>\n    <\/ul>","protected":false},"excerpt":{"rendered":"<p>Nilo y Mar rojo Duraci\u00f3n\u00a0 11 d\u00edas \/ 4 noches cairo + 3 noches crucero Nilo + 3 noches Hurghada D\u00eda 1 &#8211; El Cairo Llegada Al Aeropuerto Internacional De El Cairo. Tr\u00e1mites De Visado, Inmigraci\u00f3n Y Aduanas Y Con Asistencia De Nuestro Personal. Traslado Al Hotel Y Alojamiento D\u00eda 2 &#8211; El Cairo &#8211;&hellip;<\/p>","protected":false},"author":1,"featured_media":0,"parent":0,"menu_order":0,"comment_status":"closed","ping_status":"closed","template":"","meta":{"footnotes":""},"class_list":["post-566","page","type-page","status-publish","hentry","entry","no-media"],"_links":{"self":[{"href":"https:\/\/imhoteptours.com\/en_us\/wp-json\/wp\/v2\/pages\/566","targetHints":{"allow":["GET"]}}],"collection":[{"href":"https:\/\/imhoteptours.com\/en_us\/wp-json\/wp\/v2\/pages"}],"about":[{"href":"https:\/\/imhoteptours.com\/en_us\/wp-json\/wp\/v2\/types\/page"}],"author":[{"embeddable":true,"href":"https:\/\/imhoteptours.com\/en_us\/wp-json\/wp\/v2\/users\/1"}],"replies":[{"embeddable":true,"href":"https:\/\/imhoteptours.com\/en_us\/wp-json\/wp\/v2\/comments?post=566"}],"version-history":[{"count":3,"href":"https:\/\/imhoteptours.com\/en_us\/wp-json\/wp\/v2\/pages\/566\/revisions"}],"predecessor-version":[{"id":696,"href":"https:\/\/imhoteptours.com\/en_us\/wp-json\/wp\/v2\/pages\/566\/revisions\/696"}],"wp:attachment":[{"href":"https:\/\/imhoteptours.com\/en_us\/wp-json\/wp\/v2\/media?parent=566"}],"curies":[{"name":"wp","href":"https:\/\/api.w.org\/{rel}","templated":true}]}}