{"id":569,"date":"2019-12-21T16:03:08","date_gmt":"2019-12-21T16:03:08","guid":{"rendered":"https:\/\/imhoteptours.com\/?page_id=569"},"modified":"2019-12-22T13:47:41","modified_gmt":"2019-12-22T13:47:41","slug":"egypt-classic-sharm-elsheikh","status":"publish","type":"page","link":"https:\/\/imhoteptours.com\/en_us\/egypt-classic-sharm-elsheikh\/","title":{"rendered":"egypt classic sharm elsheikh"},"content":{"rendered":"<p><strong>Classic and Sharm El-Sheikh Program<\/strong><\/p>\n<hr \/>\n<img decoding=\"async\" src=\"https:\/\/imhoteptours.com\/wp-content\/uploads\/2019\/12\/time.png\" width=\"60\" \/><strong>Duration<\/strong>\u00a0<br \/>\n11 days \/ 3 nights Cairo + 4 nights Nile cruise + 3 nights Sharm El-Sheikh\n\t<button>D\u00eda 1 &#8211; El Cairo<\/button>\n  <p>Meet &amp; Assist At Cairo Airport By Our Representative From The First Minute, Visa Procedures, Luggage &amp; Custom Control-Transfer By Our Air Conditioned Vehicles To The Hotel Overnight.<\/p>\n<button>D\u00eda 2 &#8211; El Cairo<\/button>\n  \n    Breakfast, Today there is a half day included tour visiting the Giza Pyramids to see the Great Pyramid, Sphinx and Valley Temple.  There will be an opportunity, at your own expense, for you to enter one or other of the pyramids depending on which of them are available for visiting. Optional lunch  ,,  in the afternoon optional excursion   To The Oldest City In The World The City Of Memphis  And Sakkara  ,,  start with transfer to Sakkara ,   the huge necropolises of the ancient city we call today Memphis  to visit the Step Pyramid of Zoser, the world's oldest major stone structure. It was built in the 3rd Dynasty for King Djoser, Sakkara has a host of private tombs, many of them belonging to important ancient Egyptian officials and dating to the vary earliest of times.  Then Proceed to Memphis which was founded by King Menes, and was the capital of Egypt during the Old Kingdom, it was considered to be a centre of rule and culture for over 3000 years the first capital of Egypt, and see the Statue of Ramses II and the alabaster Sphinx of Memphis Back to the Hotel free evening with the possibility of having our optional tour to The Sound and Light Show at the Great Pyramids takes place on the Giza plateau, around 45 minutes from Cairo. The one-hour show begins with the illumination of the Sphinx, who narrates the history of the pyramids and their builders. Using laser beams and light projections on the walls of the Mummification Temple, desert sands, pyramid walls and the Sphinx itself, a condensed story of Egypt unfolds. The accompanying soundtrack complements the surroundings and the voice of the Sphinx is suitably dramatic and mysterious! After the show we will have our optional dinner and the back to the hotel and overnight &amp; Overnight. \n  \n<button>D\u00eda 3 &#8211; El Cairo &#8211; Luxor<\/button>\n  \n   Breakfast. Free Day with the with the Possibility of   enjoying  Our Optional   guided full day  Cairo city  tour  to ,  the Egyptian museum of antiquities, which was established in 1902 in Cairo  city center. On display is a rare collection of 5000 years of art \u2014 the largest most precious collection of Egyptian art in the world. Over 250,000 genuine artifacts are presented, makes it one of the world's great museums.  Including an exhibit dedicated to the Tutankhamen collection of treasures, gold, and jewelry, as it was enclosed in his tomb for over 3,500 years before it was discovered in the 1920\u2019s when his tomb was excavated. Highlights include Tutankhamun's death mask and sarcophagi (Room 3), the pharaoh's lion throne (Room 35), and his fascinating wardrobe collection (Room 9). Afterwards, don't miss a wander through the Egyptian jewelry collection (Room 4), which contains more than you'll ever see again in one lifetime, and finish off by viewing the Royal Mummies Collection (Room 56 &amp; 46), where you can say hello to Hatshepsut, Tuthmosis II, Ramses II, and Seti I in person.\nOptional lunch , continue   our   excursion  heading  to the Old Cairo where you will visit the Citadel overlooking the city of Cairo, the Mohammed Aly Alabaster Mosque, the Coptic Hanging Church and the nearby St Sergio\u2019s Church, followed by a visit to the famous medieval El Khalili Bazaars that dates back to 1382. Shops in this district are legendary for fine brassware, copper, perfumes, leather, silver, gold, antiques and more! Everything for sale in these shops is negotiable, be prepared to bargain for goods sold in this exciting maze of shops. On the arranged time, transfer To Cairo Airport for Departure to Luxor. Arrival To The City Of The Pharos Transfer To The Nile cruise, Dinner On Board And Over Night.    \n\n<button>D\u00eda 4 &#8211; Luxor &#8211; Edfu<\/button>\n    \n     Based On Full Board. Early morning Optional: Hot Air Balloon Flight over Luxor. Then we start our included \nVisits to the famous Valley of the Kings. The Valley of the Kings actually has two components - the East Valley and the West Valley. It is the East Valley which most tourists visit and where most of the tombs of the New Kingdom Pharaohs are located. continue to visit Colossi of Memnon, two massive stone statues, They represent Pharaoh Amenhotep III then, The tour ends with a visit to the Temple of Ramses III named Madient Habu , In ancient times Madinat Habu was known as Djanet and according to ancient belief was the place where Amun first appeared. Both Hatshepsut and Tuthmosis III built a temple dedicated to Amun here and Later Rameses III constructed his larger memorial temple on the site.\nLunch on Board Visit East Bank (Karnak and Luxor Temples). \nVisit to the Temple of Karnak. It is a city of temples built over 2000 years and dedicated to the Theban triad of Amon, Mut and Khonsu. For the largely uneducated ancient Egyptian population this could only have been the place of the gods. It is the mother of all religious buildings, the largest ever made and a place of pilgrimage for nearly 4,000 years. \nThe tour ends with a visit to the Temple of Luxor which is close to the Nile and parallel with the riverbank. King Amenhotep III who reigned 1390-53 BC built this beautiful temple and dedicated it to Amon-Re, king of the gods, his consort Mut, and their son Khonsu. By the afternoon will return to your Nile Cruise. Sail to Edfu passing by Esna lock, overnight in Edfu.\nDinner on Board &amp; Overnight on board. \n    \n<button>D\u00eda 5 &#8211; Edfu \u2013 Kom Ombo &#8211; Aswan<\/button>\n    \n     Based on Full Board. To Arrival at Edfu, Visit by Horse's Carriages the Temple of Edfu This Ptolemaic temple, built between 237 and 57 BC, is one of the best-preserved ancient monuments in Egypt. It was the sacred place for the falcon god Horus, the avenging son of Isis and Osiris.\nNavigation towards KomOmbo. Visit of the Temple of Kom Ombo one of the Nile Valley's most beautifully sited temples. Unique in Egypt, it is dedicated to two gods; the local crocodile god Sobek, and Haroeris, And Haroeris with Head of Falcon. Navigation to Aswan. Night on Board.\n    \n<button>D\u00eda 6 &#8211; Aswan &#8211; Abu Simbel &#8211; Aswan<\/button>\n    \n  Pensi\u00f3n Completa A Bordo, Desayuno. Por la ma\u00f1ana  salid para la   Excursi\u00f3n  incluida a los El templos  de Abu Simbel por Carretera, viajes de madrugada en una furgoneta  privada de Aswan para visitar los templos de Abu Simbel, los dos enormes templos tallados la  monta\u00f1a &#038; en las orillas del lago Nasser, dedicado a Rams\u00e9s II &#038; su esposa, la Reina Nefertari.\nVisita de la presa de Aswan, una de las presas m\u00e1s grandes del mundo. Posteriormente, visitaremos el obelisco inacabado para demostrar la t\u00e9cnica de hacer los obeliscos. Regreso al barco. Almuerzo a bordo. Paseo En Faluca  ,  y la excursi\u00f3n facultativa \u2013 opcional- de un paseo en el Poblado Nubio&#8230; Cena y alojamiento, Noche A Bordo.\n    \n<button>D\u00eda 7 &#8211; Aswan &#8211; El Cairo &#8211; Sharm El-Sheikh<\/button>\n    \n    Breakfast And Disembark, transfer to Aswan to Fly Back to Cairo, connection Flight to Sharm el sheikh, arrival meet &amp; assist by our representative, transfer to your Hotel dinner &amp; overnight.\n    \n<button>D\u00eda 8\/9 &#8211; Sharm El-Sheikh<\/button>\n    \n    Estancia En R\u00e9gimen .D\u00edas Libres Para Relax, Disfrutar De Los Establecimientos Tur\u00edsticos, siguientes actividades opcionales:\n\u00b7 Buceo desde de su Hotel Incluye 02 inmersiones diarias con gu\u00edas en espa\u00f1ol\n\u00b7 Quad moto 4 X 4 en el desierto\n\u00b7 Monte de Mois\u00e9s y Monasterio de Santa Catalina:\n\u00b7 Paseo en 4&#215;4 por el desierto y ca\u00f1\u00f3n coloreado:\n\u00b7 Reserva natural de Ras Mohamed:\n\u00b7 Cena beduina.\n    \n<button>D\u00eda 10 &#8211; Sharm El-Sheikh &#8211; El Cairo<\/button>\n    \n    Breakfast at your hotel, on the arranged time transfer to Hurghada airport, fly Back to Cairo, arrival and transfer to the hotel &amp; overnight. \n    \n<button>D\u00eda 11 &#8211; El Cairo &#8211; Transfer Out<\/button>\n    \n      Breakfast Transfer from the Hotel to Cairo Airport for Final Departure\n    \n        <br><strong><h1>Includes The Following Services<\/h1><\/strong>\n    <ul>\n        <li>Accommodation In Hotels In Bed And Breakfast<\/li>\n        <li>Accommodation On The Nile Cruise In Full Board<\/li>\n        <li>Sharm el shiekh hotel accommodation in all inclusive<\/li>\n        <li>Abu Simble Temples Tour<\/li>\n        <li>A Half Full Day Visiting The Pyramids Of Giza Valley Temple<\/li>\n        <li>Cruise Visits According To Itinerary<\/li> \n        <li>Transfers In \/ Out Apt \/ Htl \/ Apt<\/li>\n        <li>Mandatory Cruise Tips<\/li>\n        <li>Spanish Speaking Guide Accompanying Throughout the Trip<\/li>\n    <\/ul>\n        <br><strong><h1>Not included<\/h1><\/strong>\n          <ul>\n        <li>Visitor's VISA *obtain upon arrival at airport<\/li>\n        <li>Extra personal expense<\/li>\n        <li>Any item or service not mentioned in the itinerary or mentioned as optional tour or meal<\/li>\n        <li>Tipping<\/li> \n        <li>Any Additional Services Not Mentioned In The Program<\/li>\n        <li>International or domestic flights<\/li>\n    <\/ul>","protected":false},"excerpt":{"rendered":"<p>Programa Egipto cl\u00e1sico y Sharm El-Sheikh Duraci\u00f3n\u00a0 11 d\u00edas \/ 3 noches cairo + 4 noches crucero Nilo + 3 noches Sharm El-Sheikh D\u00eda 1 &#8211; El Cairo Llegada Al Aeropuerto Internacional De El Cairo. Tr\u00e1mites De Visado, Inmigraci\u00f3n Y Aduanas Y Con Asistencia De Nuestro Personal. Traslado Al Hotel Y Alojamiento D\u00eda 2 &#8211;&hellip;<\/p>","protected":false},"author":1,"featured_media":0,"parent":0,"menu_order":0,"comment_status":"closed","ping_status":"closed","template":"","meta":{"footnotes":""},"class_list":["post-569","page","type-page","status-publish","hentry","entry","no-media"],"_links":{"self":[{"href":"https:\/\/imhoteptours.com\/en_us\/wp-json\/wp\/v2\/pages\/569","targetHints":{"allow":["GET"]}}],"collection":[{"href":"https:\/\/imhoteptours.com\/en_us\/wp-json\/wp\/v2\/pages"}],"about":[{"href":"https:\/\/imhoteptours.com\/en_us\/wp-json\/wp\/v2\/types\/page"}],"author":[{"embeddable":true,"href":"https:\/\/imhoteptours.com\/en_us\/wp-json\/wp\/v2\/users\/1"}],"replies":[{"embeddable":true,"href":"https:\/\/imhoteptours.com\/en_us\/wp-json\/wp\/v2\/comments?post=569"}],"version-history":[{"count":5,"href":"https:\/\/imhoteptours.com\/en_us\/wp-json\/wp\/v2\/pages\/569\/revisions"}],"predecessor-version":[{"id":699,"href":"https:\/\/imhoteptours.com\/en_us\/wp-json\/wp\/v2\/pages\/569\/revisions\/699"}],"wp:attachment":[{"href":"https:\/\/imhoteptours.com\/en_us\/wp-json\/wp\/v2\/media?parent=569"}],"curies":[{"name":"wp","href":"https:\/\/api.w.org\/{rel}","templated":true}]}}